{"id":2205,"date":"2020-05-13T20:15:57","date_gmt":"2020-05-13T18:15:57","guid":{"rendered":"https:\/\/proffico.com\/?page_id=2205"},"modified":"2025-10-26T00:37:46","modified_gmt":"2025-10-25T22:37:46","slug":"pompy-glebinowe-do-studni-8","status":"publish","type":"page","link":"http:\/\/proffico.com\/en\/produkty-woda\/pompy-glebinowe-do-studni-8\/","title":{"rendered":"Deep well pumps 8"},"content":{"rendered":"<div data-elementor-type=\"wp-post\" data-elementor-id=\"2205\" class=\"elementor elementor-2205\">\n\t\t\t\t\t\t<section class=\"elementor-section elementor-top-section elementor-element elementor-element-17ece79a elementor-section-full_width elementor-section-height-min-height elementor-section-content-middle elementor-section-height-default elementor-section-items-middle\" data-id=\"17ece79a\" data-element_type=\"section\" data-e-type=\"section\" data-settings=\"{&quot;background_background&quot;:&quot;classic&quot;}\">\n\t\t\t\t\t\t<div class=\"elementor-container elementor-column-gap-default\">\n\t\t\t\t\t<div class=\"elementor-column elementor-col-50 elementor-top-column elementor-element elementor-element-6eb4353b\" data-id=\"6eb4353b\" data-element_type=\"column\" data-e-type=\"column\">\n\t\t\t<div class=\"elementor-widget-wrap elementor-element-populated\">\n\t\t\t\t\t\t<div class=\"elementor-element elementor-element-4a8774ec elementor-widget elementor-widget-heading\" data-id=\"4a8774ec\" data-element_type=\"widget\" data-e-type=\"widget\" data-widget_type=\"heading.default\">\n\t\t\t\t<div class=\"elementor-widget-container\">\n\t\t\t\t\t<h2 class=\"elementor-heading-title elementor-size-default\">Water<\/h2>\t\t\t\t<\/div>\n\t\t\t\t<\/div>\n\t\t\t\t<div class=\"elementor-element elementor-element-7489e56d elementor-widget elementor-widget-heading\" data-id=\"7489e56d\" data-element_type=\"widget\" data-e-type=\"widget\" data-widget_type=\"heading.default\">\n\t\t\t\t<div class=\"elementor-widget-container\">\n\t\t\t\t\t<h1 class=\"elementor-heading-title elementor-size-default\"><span style=\", sans-serif;font-size: 4.5rem;font-style: normal;font-weight: 700\">Deep well pumps 8&quot;, 10&quot;, 12&quot; (Z8, Z10, Z12)\u200b  <\/span><\/h1>\t\t\t\t<\/div>\n\t\t\t\t<\/div>\n\t\t\t\t\t<\/div>\n\t\t<\/div>\n\t\t\t\t<div class=\"elementor-column elementor-col-50 elementor-top-column elementor-element elementor-element-39278872\" data-id=\"39278872\" data-element_type=\"column\" data-e-type=\"column\">\n\t\t\t<div class=\"elementor-widget-wrap\">\n\t\t\t\t\t\t\t<\/div>\n\t\t<\/div>\n\t\t\t\t\t<\/div>\n\t\t<\/section>\n\t\t\t\t<section class=\"elementor-section elementor-top-section elementor-element elementor-element-83edca4 elementor-section-boxed elementor-section-height-default elementor-section-height-default\" data-id=\"83edca4\" data-element_type=\"section\" data-e-type=\"section\">\n\t\t\t\t\t\t<div class=\"elementor-container elementor-column-gap-default\">\n\t\t\t\t\t<div class=\"elementor-column elementor-col-66 elementor-top-column elementor-element elementor-element-c137e58\" data-id=\"c137e58\" data-element_type=\"column\" data-e-type=\"column\">\n\t\t\t<div class=\"elementor-widget-wrap elementor-element-populated\">\n\t\t\t\t\t\t<div class=\"elementor-element elementor-element-39c893e elementor-widget elementor-widget-heading\" data-id=\"39c893e\" data-element_type=\"widget\" data-e-type=\"widget\" data-widget_type=\"heading.default\">\n\t\t\t\t<div class=\"elementor-widget-container\">\n\t\t\t\t\t<h2 class=\"elementor-heading-title elementor-size-default\"><a href=\"\/en\/pompy-lowara\/\">Z8, Z10 and Z12 submersible pumps for 8&quot;, 10&quot;, 12&quot; wells <\/a><\/h2>\t\t\t\t<\/div>\n\t\t\t\t<\/div>\n\t\t\t\t<div class=\"elementor-element elementor-element-a22fc69 elementor-widget elementor-widget-text-editor\" data-id=\"a22fc69\" data-element_type=\"widget\" data-e-type=\"widget\" data-widget_type=\"text-editor.default\">\n\t\t\t\t<div class=\"elementor-widget-container\">\n\t\t\t\t\t\t\t\t\t<p><span style=\"color: #3f88c5; font-weight: bold;\">Destiny <\/span><\/p><p class=\"p1\">Multistage deep well pumps of the Z8, Z10 and Z12 series are designed for pumping clean or slightly sandy liquids (maximum amount of sand 100 g\/m\u00b3). Their design is adapted to wells with a diameter of 8\u2033, 10\u2033 and 12\u2033. The Z8-Z12 series is available in a series of types with nominal flow rates of 55, 75, 95, 125, 150, 220, 275, 340, 420 m\u00b3\/h. The pumps are made of AISI 316 stainless steel - thanks to this, the design is lightweight, compact and resistant to corrosion in a chemically non-aggressive environment. Special versions ZR8, ZR10 and ZR12 are also available, made of Duplex stainless steel, used in work at elevated temperatures (up to 60\u00b0C).<\/p>\t\t\t\t\t\t\t\t<\/div>\n\t\t\t\t<\/div>\n\t\t\t\t<div class=\"elementor-element elementor-element-c2ca5c9 elementor-widget elementor-widget-text-editor\" data-id=\"c2ca5c9\" data-element_type=\"widget\" data-e-type=\"widget\" data-widget_type=\"text-editor.default\">\n\t\t\t\t<div class=\"elementor-widget-container\">\n\t\t\t\t\t\t\t\t\t<p><span style=\"color: #3f88c5; font-weight: bold;\">Features of Z8-Z12 submersible pumps<\/span><\/p><ul><li class=\"p1\">built-in non-return valve,<\/li><li class=\"p1\">rotor with replaceable wear rings,<\/li><li class=\"p1\">replaceable clutch made to NEMA standard,<\/li><li class=\"p1\">ability to work in a horizontal position,<\/li><li class=\"p1\">supplied with L6C, L8W or L10W asynchronous motors,<\/li><li>ZR version available in Duplex steel.<\/li><\/ul>\t\t\t\t\t\t\t\t<\/div>\n\t\t\t\t<\/div>\n\t\t\t\t<div class=\"elementor-element elementor-element-a54721b elementor-widget elementor-widget-text-editor\" data-id=\"a54721b\" data-element_type=\"widget\" data-e-type=\"widget\" data-widget_type=\"text-editor.default\">\n\t\t\t\t<div class=\"elementor-widget-container\">\n\t\t\t\t\t\t\t\t\t<p style=\"text-align: left;\"><span style=\"color: #3f88c5; font-weight: bold;\">Application<\/span><\/p><p class=\"p1\"><span style=\"font-size: 16px;\">\u2013 water collection from deep wells,<\/span><\/p><p class=\"p1\"><span style=\"font-size: 16px;\">- increase in pressure,<\/span><\/p><p><span style=\"font-size: 16px;\">\u2013 sprinkler systems,<\/span><\/p><p><span style=\"font-size: 16px;\">\u2013 irrigation systems,<\/span><\/p><p class=\"p1\"><span style=\"font-size: 16px;\">\u2013 fire protection installations,<\/span><\/p><p><span style=\"font-size: 16px;\">\u2013 groundwater extraction,<\/span><\/p><p><span style=\"font-size: 16px;\">\u2013 drainage in mining,<\/span><\/p><p class=\"p1\"><span style=\"font-size: 16px;\">\u2013 water supply in industrial installations,<\/span><\/p><p class=\"p1\"><span style=\"font-size: 16px;\">\u2013 reverse osmosis,<\/span><\/p><p class=\"p1\"><span style=\"font-size: 16px;\">\u2013 water treatment,<\/span><\/p><p class=\"p1\"><span style=\"font-size: 16px;\">\u2013 filtration systems.<\/span><\/p>\t\t\t\t\t\t\t\t<\/div>\n\t\t\t\t<\/div>\n\t\t\t\t<div class=\"elementor-element elementor-element-42402d4 elementor-widget elementor-widget-text-editor\" data-id=\"42402d4\" data-element_type=\"widget\" data-e-type=\"widget\" data-widget_type=\"text-editor.default\">\n\t\t\t\t<div class=\"elementor-widget-container\">\n\t\t\t\t\t\t\t\t\t<p><span style=\"color: #3f88c5; font-weight: bold;\">Specification<\/span><\/p><p class=\"p1\"><span style=\"font-size: 16px;\">\u2013 Capacity: maximum 520 m\u00b3\/h<\/span><span style=\"font-size: 16px;\">,<\/span><\/p><p class=\"p1\"><span style=\"font-size: 16px;\">\u2013 Lifting height: maximum 550 m,<\/span><\/p><p class=\"p1\"><span style=\"font-size: 16px;\">\u2013 Power supply: three-phase 50 Hz,<\/span><\/p><p class=\"p1\"><span style=\"font-size: 16px;\">\u2013 Power: from 4 kW to 350 kW,<\/span><\/p><p class=\"p1\"><span style=\"font-size: 16px;\">\u2013 Pumped fluid temperature: up to 60\u00baC,<\/span><\/p><p><span style=\"font-size: 16px;\">\u2013 Maximum immersion depth: 350 m,<\/span><\/p>\t\t\t\t\t\t\t\t<\/div>\n\t\t\t\t<\/div>\n\t\t\t\t\t<\/div>\n\t\t<\/div>\n\t\t\t\t<div class=\"elementor-column elementor-col-33 elementor-top-column elementor-element elementor-element-6faf3ce\" data-id=\"6faf3ce\" data-element_type=\"column\" data-e-type=\"column\">\n\t\t\t<div class=\"elementor-widget-wrap elementor-element-populated\">\n\t\t\t\t\t\t<div class=\"elementor-element elementor-element-a36e52a elementor-widget elementor-widget-image\" data-id=\"a36e52a\" data-element_type=\"widget\" data-e-type=\"widget\" data-widget_type=\"image.default\">\n\t\t\t\t<div class=\"elementor-widget-container\">\n\t\t\t\t\t\t\t\t\t\t\t\t\t\t\t<img fetchpriority=\"high\" decoding=\"async\" width=\"225\" height=\"500\" src=\"https:\/\/proffico.com\/wp-content\/uploads\/2019\/08\/Pompy-g\u0142e\u0328binowe-do-studni-8\u2033-10\u201d-12\u201d-Z8-Z10-Z12.jpg\" class=\"attachment-large size-large wp-image-253\" alt=\"\" srcset=\"https:\/\/proffico.com\/wp-content\/uploads\/2019\/08\/Pompy-g\u0142e\u0328binowe-do-studni-8\u2033-10\u201d-12\u201d-Z8-Z10-Z12.jpg 225w, https:\/\/proffico.com\/wp-content\/uploads\/2019\/08\/Pompy-g\u0142e\u0328binowe-do-studni-8\u2033-10\u201d-12\u201d-Z8-Z10-Z12-135x300.jpg 135w\" sizes=\"(max-width: 225px) 100vw, 225px\" \/>\t\t\t\t\t\t\t\t\t\t\t\t\t\t\t<\/div>\n\t\t\t\t<\/div>\n\t\t\t\t\t<\/div>\n\t\t<\/div>\n\t\t\t\t\t<\/div>\n\t\t<\/section>\n\t\t\t\t<section class=\"elementor-section elementor-top-section elementor-element elementor-element-6613946 elementor-section-boxed elementor-section-height-default elementor-section-height-default\" data-id=\"6613946\" data-element_type=\"section\" data-e-type=\"section\">\n\t\t\t\t\t\t<div class=\"elementor-container elementor-column-gap-default\">\n\t\t\t\t\t<div class=\"elementor-column elementor-col-100 elementor-top-column elementor-element elementor-element-6d7ca6e\" data-id=\"6d7ca6e\" data-element_type=\"column\" data-e-type=\"column\">\n\t\t\t<div class=\"elementor-widget-wrap elementor-element-populated\">\n\t\t\t\t\t\t<div class=\"elementor-element elementor-element-91f03b5 elementor-widget elementor-widget-heading\" data-id=\"91f03b5\" data-element_type=\"widget\" data-e-type=\"widget\" data-widget_type=\"heading.default\">\n\t\t\t\t<div class=\"elementor-widget-container\">\n\t\t\t\t\t<h1 class=\"elementor-heading-title elementor-size-default\">Deep well pumps 8&quot;, 10&quot;, 12&quot; (Z8, Z10, Z12)\u200b<\/h1>\t\t\t\t<\/div>\n\t\t\t\t<\/div>\n\t\t\t\t<div class=\"elementor-element elementor-element-9246e42 elementor-widget elementor-widget-eael-creative-button\" data-id=\"9246e42\" data-element_type=\"widget\" data-e-type=\"widget\" data-widget_type=\"eael-creative-button.default\">\n\t\t\t\t<div class=\"elementor-widget-container\">\n\t\t\t\t\t        <div class=\"eael-creative-button-wrapper\">\n\n            <a class=\"eael-creative-button eael-creative-button--default\" href=\"http:\/\/proffico.com\/wp-content\/uploads\/2019\/11\/Z8-Z10-Z12-pompy-g%C5%82%C4%99bionowe-do-studni-8-10-12.pdf\" data-text=\"Zobacz\">\n            \t    \n                <div class=\"creative-button-inner\">\n\n                    \n                    <span class=\"cretive-button-text\">Pdf file<\/span>\n\n                                    <\/div>\n\t                        <\/a>\n        <\/div>\n        \t\t\t\t<\/div>\n\t\t\t\t<\/div>\n\t\t\t\t\t<\/div>\n\t\t<\/div>\n\t\t\t\t\t<\/div>\n\t\t<\/section>\n\t\t\t\t<section class=\"elementor-section elementor-top-section elementor-element elementor-element-aa1b510 elementor-section-boxed elementor-section-height-default elementor-section-height-default\" data-id=\"aa1b510\" data-element_type=\"section\" data-e-type=\"section\" data-settings=\"{&quot;background_background&quot;:&quot;classic&quot;}\">\n\t\t\t\t\t\t<div class=\"elementor-container elementor-column-gap-default\">\n\t\t\t\t\t<div class=\"elementor-column elementor-col-100 elementor-top-column elementor-element elementor-element-157cffc\" data-id=\"157cffc\" data-element_type=\"column\" data-e-type=\"column\">\n\t\t\t<div class=\"elementor-widget-wrap elementor-element-populated\">\n\t\t\t\t\t\t<div class=\"elementor-element elementor-element-e61a035 elementor-widget elementor-widget-heading\" data-id=\"e61a035\" data-element_type=\"widget\" data-e-type=\"widget\" data-widget_type=\"heading.default\">\n\t\t\t\t<div class=\"elementor-widget-container\">\n\t\t\t\t\t<h2 class=\"elementor-heading-title elementor-size-default\">Lowara Pumps<\/h2>\t\t\t\t<\/div>\n\t\t\t\t<\/div>\n\t\t\t\t\t<\/div>\n\t\t<\/div>\n\t\t\t\t\t<\/div>\n\t\t<\/section>\n\t\t\t\t<section class=\"elementor-section elementor-top-section elementor-element elementor-element-6d8baca6 elementor-section-boxed elementor-section-height-default elementor-section-height-default\" data-id=\"6d8baca6\" data-element_type=\"section\" data-e-type=\"section\">\n\t\t\t\t\t\t<div class=\"elementor-container elementor-column-gap-wide\">\n\t\t\t\t\t<div class=\"elementor-column elementor-col-33 elementor-top-column elementor-element elementor-element-60efaac5\" data-id=\"60efaac5\" data-element_type=\"column\" data-e-type=\"column\">\n\t\t\t<div class=\"elementor-widget-wrap elementor-element-populated\">\n\t\t\t\t\t\t<div class=\"elementor-element elementor-element-29755a4 elementor-widget elementor-widget-image\" data-id=\"29755a4\" data-element_type=\"widget\" data-e-type=\"widget\" data-widget_type=\"image.default\">\n\t\t\t\t<div class=\"elementor-widget-container\">\n\t\t\t\t\t\t\t\t\t\t\t\t\t\t\t<img decoding=\"async\" width=\"134\" height=\"300\" src=\"https:\/\/proffico.com\/wp-content\/uploads\/2019\/08\/pompy-g\u0142e\u0328binowe-do-studni-4-22-134x300.jpg\" class=\"attachment-medium size-medium wp-image-251\" alt=\"\" srcset=\"https:\/\/proffico.com\/wp-content\/uploads\/2019\/08\/pompy-g\u0142e\u0328binowe-do-studni-4-22-134x300.jpg 134w, https:\/\/proffico.com\/wp-content\/uploads\/2019\/08\/pompy-g\u0142e\u0328binowe-do-studni-4-22.jpg 459w\" sizes=\"(max-width: 134px) 100vw, 134px\" \/>\t\t\t\t\t\t\t\t\t\t\t\t\t\t\t<\/div>\n\t\t\t\t<\/div>\n\t\t\t\t<div class=\"elementor-element elementor-element-ba73f57 elementor-widget elementor-widget-heading\" data-id=\"ba73f57\" data-element_type=\"widget\" data-e-type=\"widget\" data-widget_type=\"heading.default\">\n\t\t\t\t<div class=\"elementor-widget-container\">\n\t\t\t\t\t<h1 class=\"elementor-heading-title elementor-size-default\">Deep well pumps 4\u201d <br>(e-GS series)<\/h1>\t\t\t\t<\/div>\n\t\t\t\t<\/div>\n\t\t\t\t<div class=\"elementor-element elementor-element-fa6b238 elementor-widget elementor-widget-eael-creative-button\" data-id=\"fa6b238\" data-element_type=\"widget\" data-e-type=\"widget\" data-widget_type=\"eael-creative-button.default\">\n\t\t\t\t<div class=\"elementor-widget-container\">\n\t\t\t\t\t        <div class=\"eael-creative-button-wrapper\">\n\n            <a class=\"eael-creative-button eael-creative-button--default\" href=\"http:\/\/proffico.com\/en\/produkty-woda\/pompy-glebinowe-do-studni-4\/\" data-text=\"Zobacz\">\n            \t    \n                <div class=\"creative-button-inner\">\n\n                    \n                    <span class=\"cretive-button-text\">Product card<\/span>\n\n                                    <\/div>\n\t                        <\/a>\n        <\/div>\n        \t\t\t\t<\/div>\n\t\t\t\t<\/div>\n\t\t\t\t\t<\/div>\n\t\t<\/div>\n\t\t\t\t<div class=\"elementor-column elementor-col-33 elementor-top-column elementor-element elementor-element-e5383aa\" data-id=\"e5383aa\" data-element_type=\"column\" data-e-type=\"column\">\n\t\t\t<div class=\"elementor-widget-wrap elementor-element-populated\">\n\t\t\t\t\t\t<div class=\"elementor-element elementor-element-4b75cc84 elementor-widget elementor-widget-image\" data-id=\"4b75cc84\" data-element_type=\"widget\" data-e-type=\"widget\" data-widget_type=\"image.default\">\n\t\t\t\t<div class=\"elementor-widget-container\">\n\t\t\t\t\t\t\t\t\t\t\t\t\t\t\t<img decoding=\"async\" width=\"79\" height=\"300\" src=\"https:\/\/proffico.com\/wp-content\/uploads\/2019\/08\/Pompy-g\u0142e\u0328binowe-do-studni-6\u2033-Z6-ZN6-79x300.jpg\" class=\"attachment-medium size-medium wp-image-252\" alt=\"\" \/>\t\t\t\t\t\t\t\t\t\t\t\t\t\t\t<\/div>\n\t\t\t\t<\/div>\n\t\t\t\t<div class=\"elementor-element elementor-element-bd51e66 elementor-widget elementor-widget-heading\" data-id=\"bd51e66\" data-element_type=\"widget\" data-e-type=\"widget\" data-widget_type=\"heading.default\">\n\t\t\t\t<div class=\"elementor-widget-container\">\n\t\t\t\t\t<h1 class=\"elementor-heading-title elementor-size-default\">Deep well pumps 6\u2033<br>(Z6, ZN6)<\/h1>\t\t\t\t<\/div>\n\t\t\t\t<\/div>\n\t\t\t\t<div class=\"elementor-element elementor-element-7b04a786 elementor-widget elementor-widget-eael-creative-button\" data-id=\"7b04a786\" data-element_type=\"widget\" data-e-type=\"widget\" data-widget_type=\"eael-creative-button.default\">\n\t\t\t\t<div class=\"elementor-widget-container\">\n\t\t\t\t\t        <div class=\"eael-creative-button-wrapper\">\n\n            <a class=\"eael-creative-button eael-creative-button--default\" href=\"http:\/\/proffico.com\/en\/produkty-woda\/pompy-glebinowe-do-studni-6\/\" data-text=\"Zobacz\">\n            \t    \n                <div class=\"creative-button-inner\">\n\n                    \n                    <span class=\"cretive-button-text\">Product card<\/span>\n\n                                    <\/div>\n\t                        <\/a>\n        <\/div>\n        \t\t\t\t<\/div>\n\t\t\t\t<\/div>\n\t\t\t\t\t<\/div>\n\t\t<\/div>\n\t\t\t\t<div class=\"elementor-column elementor-col-33 elementor-top-column elementor-element elementor-element-42ab4a87\" data-id=\"42ab4a87\" data-element_type=\"column\" data-e-type=\"column\">\n\t\t\t<div class=\"elementor-widget-wrap elementor-element-populated\">\n\t\t\t\t\t\t<div class=\"elementor-element elementor-element-2abe62ed elementor-widget elementor-widget-image\" data-id=\"2abe62ed\" data-element_type=\"widget\" data-e-type=\"widget\" data-widget_type=\"image.default\">\n\t\t\t\t<div class=\"elementor-widget-container\">\n\t\t\t\t\t\t\t\t\t\t\t\t\t\t\t<img loading=\"lazy\" decoding=\"async\" width=\"267\" height=\"300\" src=\"https:\/\/proffico.com\/wp-content\/uploads\/2019\/08\/Pompy-g\u0142e\u0328binowe-serii-SCUBA-267x300.jpg\" class=\"attachment-medium size-medium wp-image-254\" alt=\"\" srcset=\"https:\/\/proffico.com\/wp-content\/uploads\/2019\/08\/Pompy-g\u0142e\u0328binowe-serii-SCUBA-267x300.jpg 267w, https:\/\/proffico.com\/wp-content\/uploads\/2019\/08\/Pompy-g\u0142e\u0328binowe-serii-SCUBA-768x862.jpg 768w, https:\/\/proffico.com\/wp-content\/uploads\/2019\/08\/Pompy-g\u0142e\u0328binowe-serii-SCUBA.jpg 806w\" sizes=\"(max-width: 267px) 100vw, 267px\" \/>\t\t\t\t\t\t\t\t\t\t\t\t\t\t\t<\/div>\n\t\t\t\t<\/div>\n\t\t\t\t<div class=\"elementor-element elementor-element-58ff0e98 elementor-widget elementor-widget-heading\" data-id=\"58ff0e98\" data-element_type=\"widget\" data-e-type=\"widget\" data-widget_type=\"heading.default\">\n\t\t\t\t<div class=\"elementor-widget-container\">\n\t\t\t\t\t<h1 class=\"elementor-heading-title elementor-size-default\">Deep-well pumps <br>SCUBA series<\/h1>\t\t\t\t<\/div>\n\t\t\t\t<\/div>\n\t\t\t\t<div class=\"elementor-element elementor-element-7d03604c elementor-widget elementor-widget-eael-creative-button\" data-id=\"7d03604c\" data-element_type=\"widget\" data-e-type=\"widget\" data-widget_type=\"eael-creative-button.default\">\n\t\t\t\t<div class=\"elementor-widget-container\">\n\t\t\t\t\t        <div class=\"eael-creative-button-wrapper\">\n\n            <a class=\"eael-creative-button eael-creative-button--default\" href=\"http:\/\/proffico.com\/en\/produkty-woda\/pompy-glebinowe-serii-scuba\/\" data-text=\"Zobacz\">\n            \t    \n                <div class=\"creative-button-inner\">\n\n                    \n                    <span class=\"cretive-button-text\">Product card<\/span>\n\n                                    <\/div>\n\t                        <\/a>\n        <\/div>\n        \t\t\t\t<\/div>\n\t\t\t\t<\/div>\n\t\t\t\t\t<\/div>\n\t\t<\/div>\n\t\t\t\t\t<\/div>\n\t\t<\/section>\n\t\t\t\t<section class=\"elementor-section elementor-top-section elementor-element elementor-element-5b0434ec elementor-section-boxed elementor-section-height-default elementor-section-height-default\" data-id=\"5b0434ec\" data-element_type=\"section\" data-e-type=\"section\" data-settings=\"{&quot;background_background&quot;:&quot;classic&quot;}\">\n\t\t\t\t\t\t<div class=\"elementor-container elementor-column-gap-default\">\n\t\t\t\t\t<div class=\"elementor-column elementor-col-50 elementor-top-column elementor-element elementor-element-46175dd3\" data-id=\"46175dd3\" data-element_type=\"column\" data-e-type=\"column\">\n\t\t\t<div class=\"elementor-widget-wrap elementor-element-populated\">\n\t\t\t\t\t\t<div class=\"elementor-element elementor-element-132bfd37 elementor-widget elementor-widget-heading\" data-id=\"132bfd37\" data-element_type=\"widget\" data-e-type=\"widget\" data-widget_type=\"heading.default\">\n\t\t\t\t<div class=\"elementor-widget-container\">\n\t\t\t\t\t<h2 class=\"elementor-heading-title elementor-size-default\">Ask for details<\/h2>\t\t\t\t<\/div>\n\t\t\t\t<\/div>\n\t\t\t\t<div class=\"elementor-element elementor-element-2fff76a2 elementor-widget elementor-widget-text-editor\" data-id=\"2fff76a2\" data-element_type=\"widget\" data-e-type=\"widget\" data-widget_type=\"text-editor.default\">\n\t\t\t\t<div class=\"elementor-widget-container\">\n\t\t\t\t\t\t\t\t\t<p>Contact a specialist dedicated to this product<\/p>\t\t\t\t\t\t\t\t<\/div>\n\t\t\t\t<\/div>\n\t\t\t\t\t<\/div>\n\t\t<\/div>\n\t\t\t\t<div class=\"elementor-column elementor-col-50 elementor-top-column elementor-element elementor-element-318a883e\" data-id=\"318a883e\" data-element_type=\"column\" data-e-type=\"column\">\n\t\t\t<div class=\"elementor-widget-wrap elementor-element-populated\">\n\t\t\t\t\t\t<div class=\"elementor-element elementor-element-2f25905 elementor-widget elementor-widget-text-editor\" data-id=\"2f25905\" data-element_type=\"widget\" data-e-type=\"widget\" data-widget_type=\"text-editor.default\">\n\t\t\t\t<div class=\"elementor-widget-container\">\n\t\t\t\t\t\t\t\t\t<p>Arkadiusz Witak<\/p>\t\t\t\t\t\t\t\t<\/div>\n\t\t\t\t<\/div>\n\t\t\t\t<div class=\"elementor-element elementor-element-a28e454 elementor-widget elementor-widget-text-editor\" data-id=\"a28e454\" data-element_type=\"widget\" data-e-type=\"widget\" data-widget_type=\"text-editor.default\">\n\t\t\t\t<div class=\"elementor-widget-container\">\n\t\t\t\t\t\t\t\t\t<p>tel. +48 885 805 502<\/p>\t\t\t\t\t\t\t\t<\/div>\n\t\t\t\t<\/div>\n\t\t\t\t<div class=\"elementor-element elementor-element-0ac5112 elementor-widget elementor-widget-text-editor\" data-id=\"0ac5112\" data-element_type=\"widget\" data-e-type=\"widget\" data-widget_type=\"text-editor.default\">\n\t\t\t\t<div class=\"elementor-widget-container\">\n\t\t\t\t\t\t\t\t\t<p>e-mail: arkadiusz.witak@proffico.com<\/p>\t\t\t\t\t\t\t\t<\/div>\n\t\t\t\t<\/div>\n\t\t\t\t\t<\/div>\n\t\t<\/div>\n\t\t\t\t\t<\/div>\n\t\t<\/section>\n\t\t\t\t<\/div>","protected":false},"excerpt":{"rendered":"<p>Woda Pompy g\u0142\u0119binowe do studni 8\u2033, 10\u201d, 12\u201d (Z8, Z10, Z12)\u200b Z8, Z10 i Z12 pompy g\u0142\u0119binowe do studni 8&#8243;, 10&#8243;, 12&#8243; Przeznaczenie Wielostopniowe pompy g\u0142\u0119binowe serii Z8, Z10 i Z12 przeznaczone s\u0105 do t\u0142oczenia cieczy czystych lub lekko zapiaszczonych (maksymalna ilo\u015b\u0107 piasku 100 g\/m\u00b3).\u00a0 Ich konstrukcja jest przystosowana do studni o \u015brednicy 8&#8243;, 10&#8243; [&hellip;]<\/p>\n","protected":false},"author":1,"featured_media":0,"parent":281,"menu_order":0,"comment_status":"closed","ping_status":"closed","template":"elementor_header_footer","meta":{"om_disable_all_campaigns":false,"ocean_post_layout":"","ocean_both_sidebars_style":"","ocean_both_sidebars_content_width":0,"ocean_both_sidebars_sidebars_width":0,"ocean_sidebar":"0","ocean_second_sidebar":"0","ocean_disable_margins":"enable","ocean_add_body_class":"","ocean_shortcode_before_top_bar":"","ocean_shortcode_after_top_bar":"","ocean_shortcode_before_header":"","ocean_shortcode_after_header":"","ocean_has_shortcode":"","ocean_shortcode_after_title":"","ocean_shortcode_before_footer_widgets":"","ocean_shortcode_after_footer_widgets":"","ocean_shortcode_before_footer_bottom":"","ocean_shortcode_after_footer_bottom":"","ocean_display_top_bar":"default","ocean_display_header":"default","ocean_header_style":"","ocean_center_header_left_menu":"0","ocean_custom_header_template":"0","ocean_custom_logo":0,"ocean_custom_retina_logo":0,"ocean_custom_logo_max_width":0,"ocean_custom_logo_tablet_max_width":0,"ocean_custom_logo_mobile_max_width":0,"ocean_custom_logo_max_height":0,"ocean_custom_logo_tablet_max_height":0,"ocean_custom_logo_mobile_max_height":0,"ocean_header_custom_menu":"0","ocean_menu_typo_font_family":"0","ocean_menu_typo_font_subset":"","ocean_menu_typo_font_size":0,"ocean_menu_typo_font_size_tablet":0,"ocean_menu_typo_font_size_mobile":0,"ocean_menu_typo_font_size_unit":"px","ocean_menu_typo_font_weight":"","ocean_menu_typo_font_weight_tablet":"","ocean_menu_typo_font_weight_mobile":"","ocean_menu_typo_transform":"","ocean_menu_typo_transform_tablet":"","ocean_menu_typo_transform_mobile":"","ocean_menu_typo_line_height":0,"ocean_menu_typo_line_height_tablet":0,"ocean_menu_typo_line_height_mobile":0,"ocean_menu_typo_line_height_unit":"","ocean_menu_typo_spacing":0,"ocean_menu_typo_spacing_tablet":0,"ocean_menu_typo_spacing_mobile":0,"ocean_menu_typo_spacing_unit":"","ocean_menu_link_color":"","ocean_menu_link_color_hover":"","ocean_menu_link_color_active":"","ocean_menu_link_background":"","ocean_menu_link_hover_background":"","ocean_menu_link_active_background":"","ocean_menu_social_links_bg":"","ocean_menu_social_hover_links_bg":"","ocean_menu_social_links_color":"","ocean_menu_social_hover_links_color":"","ocean_disable_title":"default","ocean_disable_heading":"default","ocean_post_title":"","ocean_post_subheading":"","ocean_post_title_style":"","ocean_post_title_background_color":"","ocean_post_title_background":0,"ocean_post_title_bg_image_position":"","ocean_post_title_bg_image_attachment":"","ocean_post_title_bg_image_repeat":"","ocean_post_title_bg_image_size":"","ocean_post_title_height":0,"ocean_post_title_bg_overlay":0.5,"ocean_post_title_bg_overlay_color":"","ocean_disable_breadcrumbs":"default","ocean_breadcrumbs_color":"","ocean_breadcrumbs_separator_color":"","ocean_breadcrumbs_links_color":"","ocean_breadcrumbs_links_hover_color":"","ocean_display_footer_widgets":"default","ocean_display_footer_bottom":"default","ocean_custom_footer_template":"0","footnotes":""},"class_list":["post-2205","page","type-page","status-publish","hentry","entry"],"_links":{"self":[{"href":"http:\/\/proffico.com\/en\/wp-json\/wp\/v2\/pages\/2205","targetHints":{"allow":["GET"]}}],"collection":[{"href":"http:\/\/proffico.com\/en\/wp-json\/wp\/v2\/pages"}],"about":[{"href":"http:\/\/proffico.com\/en\/wp-json\/wp\/v2\/types\/page"}],"author":[{"embeddable":true,"href":"http:\/\/proffico.com\/en\/wp-json\/wp\/v2\/users\/1"}],"replies":[{"embeddable":true,"href":"http:\/\/proffico.com\/en\/wp-json\/wp\/v2\/comments?post=2205"}],"version-history":[{"count":24,"href":"http:\/\/proffico.com\/en\/wp-json\/wp\/v2\/pages\/2205\/revisions"}],"predecessor-version":[{"id":6164,"href":"http:\/\/proffico.com\/en\/wp-json\/wp\/v2\/pages\/2205\/revisions\/6164"}],"up":[{"embeddable":true,"href":"http:\/\/proffico.com\/en\/wp-json\/wp\/v2\/pages\/281"}],"wp:attachment":[{"href":"http:\/\/proffico.com\/en\/wp-json\/wp\/v2\/media?parent=2205"}],"curies":[{"name":"wp","href":"https:\/\/api.w.org\/{rel}","templated":true}]}}