{"id":25,"date":"2019-08-06T15:43:57","date_gmt":"2019-08-06T13:43:57","guid":{"rendered":"http:\/\/4623.proffico.com\/?page_id=25"},"modified":"2025-03-19T21:17:03","modified_gmt":"2025-03-19T19:17:03","slug":"poradniki","status":"publish","type":"page","link":"https:\/\/proffico.com\/en\/poradniki\/","title":{"rendered":"Media"},"content":{"rendered":"<div data-elementor-type=\"wp-post\" data-elementor-id=\"25\" class=\"elementor elementor-25\">\n\t\t\t\t\t\t<section class=\"elementor-section elementor-top-section elementor-element elementor-element-636f8708 elementor-section-full_width elementor-section-height-min-height elementor-section-content-middle elementor-section-height-default elementor-section-items-middle\" data-id=\"636f8708\" data-element_type=\"section\" data-e-type=\"section\" data-settings=\"{&quot;background_background&quot;:&quot;classic&quot;}\">\n\t\t\t\t\t\t<div class=\"elementor-container elementor-column-gap-default\">\n\t\t\t\t\t<div class=\"elementor-column elementor-col-50 elementor-top-column elementor-element elementor-element-6b572784\" data-id=\"6b572784\" data-element_type=\"column\" data-e-type=\"column\">\n\t\t\t<div class=\"elementor-widget-wrap elementor-element-populated\">\n\t\t\t\t\t\t<div class=\"elementor-element elementor-element-7fb8c1ba elementor-widget elementor-widget-heading\" data-id=\"7fb8c1ba\" data-element_type=\"widget\" data-e-type=\"widget\" data-widget_type=\"heading.default\">\n\t\t\t\t<div class=\"elementor-widget-container\">\n\t\t\t\t\t<h2 class=\"elementor-heading-title elementor-size-default\">Media<\/h2>\t\t\t\t<\/div>\n\t\t\t\t<\/div>\n\t\t\t\t<div class=\"elementor-element elementor-element-74472fca elementor-widget elementor-widget-heading\" data-id=\"74472fca\" data-element_type=\"widget\" data-e-type=\"widget\" data-widget_type=\"heading.default\">\n\t\t\t\t<div class=\"elementor-widget-container\">\n\t\t\t\t\t<h1 class=\"elementor-heading-title elementor-size-default\">Get to know us better<\/h1>\t\t\t\t<\/div>\n\t\t\t\t<\/div>\n\t\t\t\t\t<\/div>\n\t\t<\/div>\n\t\t\t\t<div class=\"elementor-column elementor-col-50 elementor-top-column elementor-element elementor-element-7b540372\" data-id=\"7b540372\" data-element_type=\"column\" data-e-type=\"column\">\n\t\t\t<div class=\"elementor-widget-wrap\">\n\t\t\t\t\t\t\t<\/div>\n\t\t<\/div>\n\t\t\t\t\t<\/div>\n\t\t<\/section>\n\t\t\t\t<section class=\"elementor-section elementor-top-section elementor-element elementor-element-a0452a3 elementor-section-boxed elementor-section-height-default elementor-section-height-default\" data-id=\"a0452a3\" data-element_type=\"section\" data-e-type=\"section\">\n\t\t\t\t\t\t<div class=\"elementor-container elementor-column-gap-default\">\n\t\t\t\t\t<div class=\"elementor-column elementor-col-100 elementor-top-column elementor-element elementor-element-04d043e\" data-id=\"04d043e\" data-element_type=\"column\" data-e-type=\"column\">\n\t\t\t<div class=\"elementor-widget-wrap elementor-element-populated\">\n\t\t\t\t\t\t<div class=\"elementor-element elementor-element-4e6bdc4 elementor-widget elementor-widget-heading\" data-id=\"4e6bdc4\" data-element_type=\"widget\" data-e-type=\"widget\" data-widget_type=\"heading.default\">\n\t\t\t\t<div class=\"elementor-widget-container\">\n\t\t\t\t\t<h2 class=\"elementor-heading-title elementor-size-default\">Media<\/h2>\t\t\t\t<\/div>\n\t\t\t\t<\/div>\n\t\t\t\t<div class=\"elementor-element elementor-element-b8b1c6b elementor-widget elementor-widget-image\" data-id=\"b8b1c6b\" data-element_type=\"widget\" data-e-type=\"widget\" data-widget_type=\"image.default\">\n\t\t\t\t<div class=\"elementor-widget-container\">\n\t\t\t\t\t\t\t\t\t\t\t\t\t\t\t<img decoding=\"async\" src=\"https:\/\/proffico.com\/wp-content\/uploads\/elementor\/thumbs\/czerwony-od16gxg4h2366thldv1soqzw7ufvdpeom2v63jt6ek.png\" title=\"red\" alt=\"czerwony\" loading=\"lazy\" \/>\t\t\t\t\t\t\t\t\t\t\t\t\t\t\t<\/div>\n\t\t\t\t<\/div>\n\t\t\t\t\t<\/div>\n\t\t<\/div>\n\t\t\t\t\t<\/div>\n\t\t<\/section>\n\t\t\t\t<section class=\"elementor-section elementor-top-section elementor-element elementor-element-c5b7654 elementor-section-boxed elementor-section-height-default elementor-section-height-default\" data-id=\"c5b7654\" data-element_type=\"section\" data-e-type=\"section\" data-settings=\"{&quot;background_background&quot;:&quot;classic&quot;}\">\n\t\t\t\t\t\t<div class=\"elementor-container elementor-column-gap-default\">\n\t\t\t\t\t<div class=\"elementor-column elementor-col-100 elementor-top-column elementor-element elementor-element-a936921\" data-id=\"a936921\" data-element_type=\"column\" data-e-type=\"column\">\n\t\t\t<div class=\"elementor-widget-wrap elementor-element-populated\">\n\t\t\t\t\t\t<div class=\"elementor-element elementor-element-725b110 elementor-widget elementor-widget-text-editor\" data-id=\"725b110\" data-element_type=\"widget\" data-e-type=\"widget\" data-widget_type=\"text-editor.default\">\n\t\t\t\t<div class=\"elementor-widget-container\">\n\t\t\t\t\t\t\t\t\t<p><strong>We invite you to read the press materials regarding our activities.<\/strong><\/p><p>Below we publish articles that appeared in industry press, thanks to which we can introduce you to our products and areas of our activity.<\/p>\t\t\t\t\t\t\t\t<\/div>\n\t\t\t\t<\/div>\n\t\t\t\t\t<\/div>\n\t\t<\/div>\n\t\t\t\t\t<\/div>\n\t\t<\/section>\n\t\t\t\t<section class=\"elementor-section elementor-top-section elementor-element elementor-element-40852b5 elementor-section-boxed elementor-section-height-default elementor-section-height-default\" data-id=\"40852b5\" data-element_type=\"section\" data-e-type=\"section\">\n\t\t\t\t\t\t<div class=\"elementor-container elementor-column-gap-default\">\n\t\t\t\t\t<div class=\"elementor-column elementor-col-50 elementor-top-column elementor-element elementor-element-db5dff3\" data-id=\"db5dff3\" data-element_type=\"column\" data-e-type=\"column\">\n\t\t\t<div class=\"elementor-widget-wrap\">\n\t\t\t\t\t\t\t<\/div>\n\t\t<\/div>\n\t\t\t\t<div class=\"elementor-column elementor-col-50 elementor-top-column elementor-element elementor-element-bbb497a\" data-id=\"bbb497a\" data-element_type=\"column\" data-e-type=\"column\">\n\t\t\t<div class=\"elementor-widget-wrap\">\n\t\t\t\t\t\t\t<\/div>\n\t\t<\/div>\n\t\t\t\t\t<\/div>\n\t\t<\/section>\n\t\t\t\t<section class=\"elementor-section elementor-top-section elementor-element elementor-element-ee041bd elementor-section-boxed elementor-section-height-default elementor-section-height-default\" data-id=\"ee041bd\" data-element_type=\"section\" data-e-type=\"section\">\n\t\t\t\t\t\t<div class=\"elementor-container elementor-column-gap-default\">\n\t\t\t\t\t<div class=\"elementor-column elementor-col-100 elementor-top-column elementor-element elementor-element-c993c22\" data-id=\"c993c22\" data-element_type=\"column\" data-e-type=\"column\">\n\t\t\t<div class=\"elementor-widget-wrap\">\n\t\t\t\t\t\t\t<\/div>\n\t\t<\/div>\n\t\t\t\t\t<\/div>\n\t\t<\/section>\n\t\t\t\t<section class=\"elementor-section elementor-top-section elementor-element elementor-element-6bc2fce elementor-section-boxed elementor-section-height-default elementor-section-height-default\" data-id=\"6bc2fce\" data-element_type=\"section\" data-e-type=\"section\" id=\"poradniki-woda\" data-settings=\"{&quot;background_background&quot;:&quot;classic&quot;}\">\n\t\t\t\t\t\t<div class=\"elementor-container elementor-column-gap-default\">\n\t\t\t\t\t<div class=\"elementor-column elementor-col-50 elementor-top-column elementor-element elementor-element-fb891ca\" data-id=\"fb891ca\" data-element_type=\"column\" data-e-type=\"column\">\n\t\t\t<div class=\"elementor-widget-wrap elementor-element-populated\">\n\t\t\t\t\t\t<div class=\"elementor-element elementor-element-9f6002b elementor-widget elementor-widget-heading\" data-id=\"9f6002b\" data-element_type=\"widget\" data-e-type=\"widget\" data-widget_type=\"heading.default\">\n\t\t\t\t<div class=\"elementor-widget-container\">\n\t\t\t\t\t<h2 class=\"elementor-heading-title elementor-size-default\">Water<\/h2>\t\t\t\t<\/div>\n\t\t\t\t<\/div>\n\t\t\t\t<div class=\"elementor-element elementor-element-84c9809 elementor-widget elementor-widget-image\" data-id=\"84c9809\" data-element_type=\"widget\" data-e-type=\"widget\" data-widget_type=\"image.default\">\n\t\t\t\t<div class=\"elementor-widget-container\">\n\t\t\t\t\t\t\t\t\t\t\t\t\t\t\t<img decoding=\"async\" src=\"https:\/\/proffico.com\/wp-content\/uploads\/elementor\/thumbs\/niebieski-od16l7lnlvy72v9odpom1o3hn1c2g2env9ussxgm24.png\" title=\"blue\" alt=\"niebieski\" loading=\"lazy\" \/>\t\t\t\t\t\t\t\t\t\t\t\t\t\t\t<\/div>\n\t\t\t\t<\/div>\n\t\t\t\t\t<\/div>\n\t\t<\/div>\n\t\t\t\t<div class=\"elementor-column elementor-col-50 elementor-top-column elementor-element elementor-element-e5232a4\" data-id=\"e5232a4\" data-element_type=\"column\" data-e-type=\"column\">\n\t\t\t<div class=\"elementor-widget-wrap elementor-element-populated\">\n\t\t\t\t\t\t<div class=\"elementor-element elementor-element-a02d846 elementor-widget elementor-widget-image\" data-id=\"a02d846\" data-element_type=\"widget\" data-e-type=\"widget\" data-widget_type=\"image.default\">\n\t\t\t\t<div class=\"elementor-widget-container\">\n\t\t\t\t\t\t\t\t\t\t\t\t\t\t\t<img decoding=\"async\" src=\"https:\/\/proffico.com\/wp-content\/uploads\/elementor\/thumbs\/woda-oc5na0tnt3iesvbj62yd1iq4i8puwuw8sfz3cidz3c.png\" title=\"water\" alt=\"woda\" loading=\"lazy\" \/>\t\t\t\t\t\t\t\t\t\t\t\t\t\t\t<\/div>\n\t\t\t\t<\/div>\n\t\t\t\t\t<\/div>\n\t\t<\/div>\n\t\t\t\t\t<\/div>\n\t\t<\/section>\n\t\t\t\t<section class=\"elementor-section elementor-top-section elementor-element elementor-element-c32492f elementor-section-boxed elementor-section-height-default elementor-section-height-default\" data-id=\"c32492f\" data-element_type=\"section\" data-e-type=\"section\" data-settings=\"{&quot;background_background&quot;:&quot;classic&quot;}\">\n\t\t\t\t\t\t<div class=\"elementor-container elementor-column-gap-default\">\n\t\t\t\t\t<div class=\"elementor-column elementor-col-100 elementor-top-column elementor-element elementor-element-f139276\" data-id=\"f139276\" data-element_type=\"column\" data-e-type=\"column\">\n\t\t\t<div class=\"elementor-widget-wrap elementor-element-populated\">\n\t\t\t\t\t\t<div class=\"elementor-element elementor-element-8d1722b elementor-widget elementor-widget-text-editor\" data-id=\"8d1722b\" data-element_type=\"widget\" data-e-type=\"widget\" data-widget_type=\"text-editor.default\">\n\t\t\t\t<div class=\"elementor-widget-container\">\n\t\t\t\t\t\t\t\t\t<p><a href=\"http:\/\/fkvdoxm.cluster100.hosting.ovh.net\/wp-content\/uploads\/2023\/07\/artyku\u0142-SUW-Champion.pdf\">SUW Champion \u2013 The quality of apples depends on the quality of water; interview with President Cezary Rokicki, Monthly Practical Fruit Growing Magazine<\/a>\u00a0<\/p><p><a href=\"http:\/\/fkvdoxm.cluster100.hosting.ovh.net\/wp-content\/uploads\/2023\/07\/artyku\u0142-paczkowarki.pdf\">Water packaging machines \u2013 you can smile, but nothing better has really been invented\u2026; Cezary Rokicki<\/a><\/p><p><a href=\"https:\/\/starogard.pl\/miasto\/woda-w-paczkach-114884\/#\">Water in packages - Aquapack packaging machine by Proffico in Starogard Gda\u0144ski<\/a>\u00a0<\/p><p><a href=\"http:\/\/fkvdoxm.cluster100.hosting.ovh.net\/wp-content\/uploads\/2021\/01\/Rozmowa-z-.....pdf\">Waiting for... an unexpected failure; Cezary Rokicki<\/a><\/p><p><a href=\"https:\/\/youtu.be\/6FLZmzo5zWA\">Mobile chlorinator and effective disinfection of the water supply network<\/a> \u2013 interview with President Cezary Rokicki at the 11th Conference Failures. Monitoring. Construction and Modernization of the WOD-KAN network, 4-5.08.2020 Wis\u0142a<\/p>\t\t\t\t\t\t\t\t<\/div>\n\t\t\t\t<\/div>\n\t\t\t\t\t<\/div>\n\t\t<\/div>\n\t\t\t\t\t<\/div>\n\t\t<\/section>\n\t\t\t\t<section class=\"elementor-section elementor-top-section elementor-element elementor-element-0d35842 elementor-section-boxed elementor-section-height-default elementor-section-height-default\" data-id=\"0d35842\" data-element_type=\"section\" data-e-type=\"section\" id=\"poradniki-scieki\">\n\t\t\t\t\t\t<div class=\"elementor-container elementor-column-gap-default\">\n\t\t\t\t\t<div class=\"elementor-column elementor-col-50 elementor-top-column elementor-element elementor-element-40a5f75\" data-id=\"40a5f75\" data-element_type=\"column\" data-e-type=\"column\">\n\t\t\t<div class=\"elementor-widget-wrap elementor-element-populated\">\n\t\t\t\t\t\t<div class=\"elementor-element elementor-element-fadf52e elementor-widget elementor-widget-heading\" data-id=\"fadf52e\" data-element_type=\"widget\" data-e-type=\"widget\" data-widget_type=\"heading.default\">\n\t\t\t\t<div class=\"elementor-widget-container\">\n\t\t\t\t\t<h2 class=\"elementor-heading-title elementor-size-default\">Sewage<\/h2>\t\t\t\t<\/div>\n\t\t\t\t<\/div>\n\t\t\t\t<div class=\"elementor-element elementor-element-10d9713 elementor-widget elementor-widget-image\" data-id=\"10d9713\" data-element_type=\"widget\" data-e-type=\"widget\" data-widget_type=\"image.default\">\n\t\t\t\t<div class=\"elementor-widget-container\">\n\t\t\t\t\t\t\t\t\t\t\t\t\t\t\t<img decoding=\"async\" src=\"https:\/\/proffico.com\/wp-content\/uploads\/elementor\/thumbs\/z\u0307o\u0301\u0142ty-od16pfvid1qnbp4hoji69lo5vghj3176g7jgjr6u24.png\" title=\"yellow\" alt=\"z\u0307o\u0301\u0142ty\" loading=\"lazy\" \/>\t\t\t\t\t\t\t\t\t\t\t\t\t\t\t<\/div>\n\t\t\t\t<\/div>\n\t\t\t\t\t<\/div>\n\t\t<\/div>\n\t\t\t\t<div class=\"elementor-column elementor-col-50 elementor-top-column elementor-element elementor-element-cd38251\" data-id=\"cd38251\" data-element_type=\"column\" data-e-type=\"column\">\n\t\t\t<div class=\"elementor-widget-wrap elementor-element-populated\">\n\t\t\t\t\t\t<div class=\"elementor-element elementor-element-f29d0e9 elementor-widget elementor-widget-image\" data-id=\"f29d0e9\" data-element_type=\"widget\" data-e-type=\"widget\" data-widget_type=\"image.default\">\n\t\t\t\t<div class=\"elementor-widget-container\">\n\t\t\t\t\t\t\t\t\t\t\t\t\t\t\t<img decoding=\"async\" src=\"https:\/\/proffico.com\/wp-content\/uploads\/elementor\/thumbs\/s\u0301cieki-oc5na2pc6rkzg38sv3rm6i91p0glc93pgpa2b2b6qw.png\" title=\"sewage\" alt=\"s\u0301cieki\" loading=\"lazy\" \/>\t\t\t\t\t\t\t\t\t\t\t\t\t\t\t<\/div>\n\t\t\t\t<\/div>\n\t\t\t\t\t<\/div>\n\t\t<\/div>\n\t\t\t\t\t<\/div>\n\t\t<\/section>\n\t\t\t\t<section class=\"elementor-section elementor-top-section elementor-element elementor-element-fda9519 elementor-section-boxed elementor-section-height-default elementor-section-height-default\" data-id=\"fda9519\" data-element_type=\"section\" data-e-type=\"section\" data-settings=\"{&quot;background_background&quot;:&quot;classic&quot;}\">\n\t\t\t\t\t\t<div class=\"elementor-container elementor-column-gap-default\">\n\t\t\t\t\t<div class=\"elementor-column elementor-col-100 elementor-top-column elementor-element elementor-element-e17e04c\" data-id=\"e17e04c\" data-element_type=\"column\" data-e-type=\"column\">\n\t\t\t<div class=\"elementor-widget-wrap elementor-element-populated\">\n\t\t\t\t\t\t<div class=\"elementor-element elementor-element-9f77589 elementor-widget elementor-widget-text-editor\" data-id=\"9f77589\" data-element_type=\"widget\" data-e-type=\"widget\" data-widget_type=\"text-editor.default\">\n\t\t\t\t<div class=\"elementor-widget-container\">\n\t\t\t\t\t\t\t\t\t<p><a href=\"http:\/\/proffico.com\/wp-content\/uploads\/2020\/01\/Nadszed\u0142-czas-aby-powalczy\u0107-o-z\u0142oto-w-napowietrzaniu-\u015bciek\u00f3w-Marek-Malarski-Cezary-Rokicki.pdf\">It&#039;s time to fight for the &quot;gold&quot; in wastewater aeration; Marek Malarski, Cezary Rokicki<\/a><\/p><p><a href=\"http:\/\/proffico.com\/wp-content\/uploads\/2019\/12\/Potencja\u0142-regulowanych-kolumn-nap\u0142ywu-\u015bciek\u00f3w-do-osadnik\u00f3w-wt\u00f3rnych-na-przyk\u0142adzie-oczyszczalni-\u015bciek\u00f3w-w-Dre\u017anie-Dr-Martin-Armbruster-Dr-Matthias-Barth.pdf\">The potential of regulated sewage inflow columns for secondary settling tanks \u2013 as exemplified by the sewage treatment plant in Dresden; Dr Martin Armbruster, Dr Matthias Barth<\/a><\/p><p><a href=\"http:\/\/proffico.com\/wp-content\/uploads\/2020\/01\/Je\u015bli-masz-problem-z-osadnikami-wt\u00f3rnymi-artyku\u0142-Forum-eksploatatora.pdf\">If you have a problem with the secondary settling tank \u2013 Cezary Rokicki, Piotr Podworski; Eksploatator Forum<\/a><\/p>\t\t\t\t\t\t\t\t<\/div>\n\t\t\t\t<\/div>\n\t\t\t\t\t<\/div>\n\t\t<\/div>\n\t\t\t\t\t<\/div>\n\t\t<\/section>\n\t\t\t\t<section class=\"elementor-section elementor-top-section elementor-element elementor-element-aa2a909 elementor-section-boxed elementor-section-height-default elementor-section-height-default\" data-id=\"aa2a909\" data-element_type=\"section\" data-e-type=\"section\" id=\"poradniki-osady\" data-settings=\"{&quot;background_background&quot;:&quot;classic&quot;}\">\n\t\t\t\t\t\t<div class=\"elementor-container elementor-column-gap-default\">\n\t\t\t\t\t<div class=\"elementor-column elementor-col-50 elementor-top-column elementor-element elementor-element-e7304fa\" data-id=\"e7304fa\" data-element_type=\"column\" data-e-type=\"column\">\n\t\t\t<div class=\"elementor-widget-wrap elementor-element-populated\">\n\t\t\t\t\t\t<div class=\"elementor-element elementor-element-58ecc3a elementor-widget elementor-widget-heading\" data-id=\"58ecc3a\" data-element_type=\"widget\" data-e-type=\"widget\" data-widget_type=\"heading.default\">\n\t\t\t\t<div class=\"elementor-widget-container\">\n\t\t\t\t\t<h2 class=\"elementor-heading-title elementor-size-default\">Sludge<\/h2>\t\t\t\t<\/div>\n\t\t\t\t<\/div>\n\t\t\t\t<div class=\"elementor-element elementor-element-9d53068 elementor-widget elementor-widget-image\" data-id=\"9d53068\" data-element_type=\"widget\" data-e-type=\"widget\" data-widget_type=\"image.default\">\n\t\t\t\t<div class=\"elementor-widget-container\">\n\t\t\t\t\t\t\t\t\t\t\t\t\t\t\t<img decoding=\"async\" src=\"https:\/\/proffico.com\/wp-content\/uploads\/elementor\/thumbs\/morski-od16phr6qpt7yx1rdkbfel732889ifen4gufib41po.png\" title=\"maritime\" alt=\"morski\" loading=\"lazy\" \/>\t\t\t\t\t\t\t\t\t\t\t\t\t\t\t<\/div>\n\t\t\t\t<\/div>\n\t\t\t\t\t<\/div>\n\t\t<\/div>\n\t\t\t\t<div class=\"elementor-column elementor-col-50 elementor-top-column elementor-element elementor-element-1980eef\" data-id=\"1980eef\" data-element_type=\"column\" data-e-type=\"column\">\n\t\t\t<div class=\"elementor-widget-wrap elementor-element-populated\">\n\t\t\t\t\t\t<div class=\"elementor-element elementor-element-230e57a elementor-widget elementor-widget-image\" data-id=\"230e57a\" data-element_type=\"widget\" data-e-type=\"widget\" data-widget_type=\"image.default\">\n\t\t\t\t<div class=\"elementor-widget-container\">\n\t\t\t\t\t\t\t\t\t\t\t\t\t\t\t<img decoding=\"async\" src=\"https:\/\/proffico.com\/wp-content\/uploads\/elementor\/thumbs\/osady-06-odaoxq0i8wewlhljn7ruwrqqa1vvek4wipmaekldrc.png\" title=\"settlements-06\" alt=\"osady-06\" loading=\"lazy\" \/>\t\t\t\t\t\t\t\t\t\t\t\t\t\t\t<\/div>\n\t\t\t\t<\/div>\n\t\t\t\t\t<\/div>\n\t\t<\/div>\n\t\t\t\t\t<\/div>\n\t\t<\/section>\n\t\t\t\t<section class=\"elementor-section elementor-top-section elementor-element elementor-element-d5d6514 elementor-section-boxed elementor-section-height-default elementor-section-height-default\" data-id=\"d5d6514\" data-element_type=\"section\" data-e-type=\"section\" data-settings=\"{&quot;background_background&quot;:&quot;classic&quot;}\">\n\t\t\t\t\t\t<div class=\"elementor-container elementor-column-gap-default\">\n\t\t\t\t\t<div class=\"elementor-column elementor-col-100 elementor-top-column elementor-element elementor-element-d33812e\" data-id=\"d33812e\" data-element_type=\"column\" data-e-type=\"column\">\n\t\t\t<div class=\"elementor-widget-wrap elementor-element-populated\">\n\t\t\t\t\t\t<div class=\"elementor-element elementor-element-a64f3e1 elementor-widget elementor-widget-text-editor\" data-id=\"a64f3e1\" data-element_type=\"widget\" data-e-type=\"widget\" data-widget_type=\"text-editor.default\">\n\t\t\t\t<div class=\"elementor-widget-container\">\n\t\t\t\t\t\t\t\t\t<p><a href=\"http:\/\/proffico.com\/wp-content\/uploads\/2020\/01\/Prasy-t\u0142okowe-Bucher-odwadnianie-osad\u00f3w-do-granic-fizycznych-mo\u017cliwo\u015bci.pdf\">Bucher Piston Presses \u2013 Dewatering to the Limits of Physical Possibility \u2013 Cezary Rokicki, Piotr Podworski<\/a><\/p><p><a href=\"http:\/\/proffico.com\/wp-content\/uploads\/2020\/01\/Pomys\u0142y-na-oczyszczalni\u0119-zagospodarowanie-osad\u00f3w-na-Oczyszczalni-\u015aciek\u00f3w-w-Radomiu.pdf\">Ideas for a sewage treatment plant - sludge management at the sewage treatment plant in Radom - Zbigniew G\u0142ogowski Municipal Waterworks in Radom Sp. z o. o.<\/a><\/p><p><a href=\"http:\/\/proffico.com\/wp-content\/uploads\/2020\/01\/Rok-dzia\u0142alno\u015bci-pras-Bucher-w-oczyszczalni-\u015bciek\u00f3w-Londyn-Oxford-artyku\u0142-Forum-Eksploatatora.pdf\">A year of Bucher presses at the London-Oxford Sewage Treatment Plant \u2013 Exploitation Forum<\/a><\/p><p><a href=\"http:\/\/proffico.com\/wp-content\/uploads\/2020\/01\/t\u0142okowe-prasy-Bucher-artyku\u0142-forum-eksploatatora.pdf\">Bucher Piston Presses \u2013 Cezary Rokicki, Eksploatatora Forum<\/a><\/p>\t\t\t\t\t\t\t\t<\/div>\n\t\t\t\t<\/div>\n\t\t\t\t\t<\/div>\n\t\t<\/div>\n\t\t\t\t\t<\/div>\n\t\t<\/section>\n\t\t\t\t<\/div>","protected":false},"excerpt":{"rendered":"<p>Media o nas Poznaj nas bli\u017cej Media o nas Zapraszamy do zapoznania si\u0119 z materia\u0142ami prasowymi dotycz\u0105cymi naszej dzia\u0142alno\u015bci. Poni\u017cej publikujemy artyku\u0142y ukazuj\u0105ce si\u0119 w prasie bran\u017cowej, dzi\u0119ki kt\u00f3rym przybli\u017cymy Pa\u0144stwu nasze produkty oraz zapoznamy z obszarami naszej dzia\u0142alno\u015bci. Woda SUW Champion &#8211; Jako\u015b\u0107 jab\u0142ka zale\u017cy od jako\u015bci wody; wywiad z Prezesem Cezarym Rokickim, Miesi\u0119cznik [&hellip;]<\/p>\n","protected":false},"author":1,"featured_media":0,"parent":0,"menu_order":0,"comment_status":"closed","ping_status":"closed","template":"elementor_header_footer","meta":{"om_disable_all_campaigns":false,"ocean_post_layout":"","ocean_both_sidebars_style":"","ocean_both_sidebars_content_width":0,"ocean_both_sidebars_sidebars_width":0,"ocean_sidebar":"0","ocean_second_sidebar":"0","ocean_disable_margins":"enable","ocean_add_body_class":"","ocean_shortcode_before_top_bar":"","ocean_shortcode_after_top_bar":"","ocean_shortcode_before_header":"","ocean_shortcode_after_header":"","ocean_has_shortcode":"","ocean_shortcode_after_title":"","ocean_shortcode_before_footer_widgets":"","ocean_shortcode_after_footer_widgets":"","ocean_shortcode_before_footer_bottom":"","ocean_shortcode_after_footer_bottom":"","ocean_display_top_bar":"default","ocean_display_header":"default","ocean_header_style":"","ocean_center_header_left_menu":"0","ocean_custom_header_template":"0","ocean_custom_logo":0,"ocean_custom_retina_logo":0,"ocean_custom_logo_max_width":0,"ocean_custom_logo_tablet_max_width":0,"ocean_custom_logo_mobile_max_width":0,"ocean_custom_logo_max_height":0,"ocean_custom_logo_tablet_max_height":0,"ocean_custom_logo_mobile_max_height":0,"ocean_header_custom_menu":"0","ocean_menu_typo_font_family":"0","ocean_menu_typo_font_subset":"","ocean_menu_typo_font_size":0,"ocean_menu_typo_font_size_tablet":0,"ocean_menu_typo_font_size_mobile":0,"ocean_menu_typo_font_size_unit":"px","ocean_menu_typo_font_weight":"","ocean_menu_typo_font_weight_tablet":"","ocean_menu_typo_font_weight_mobile":"","ocean_menu_typo_transform":"","ocean_menu_typo_transform_tablet":"","ocean_menu_typo_transform_mobile":"","ocean_menu_typo_line_height":0,"ocean_menu_typo_line_height_tablet":0,"ocean_menu_typo_line_height_mobile":0,"ocean_menu_typo_line_height_unit":"","ocean_menu_typo_spacing":0,"ocean_menu_typo_spacing_tablet":0,"ocean_menu_typo_spacing_mobile":0,"ocean_menu_typo_spacing_unit":"","ocean_menu_link_color":"","ocean_menu_link_color_hover":"","ocean_menu_link_color_active":"","ocean_menu_link_background":"","ocean_menu_link_hover_background":"","ocean_menu_link_active_background":"","ocean_menu_social_links_bg":"","ocean_menu_social_hover_links_bg":"","ocean_menu_social_links_color":"","ocean_menu_social_hover_links_color":"","ocean_disable_title":"default","ocean_disable_heading":"default","ocean_post_title":"","ocean_post_subheading":"","ocean_post_title_style":"","ocean_post_title_background_color":"","ocean_post_title_background":0,"ocean_post_title_bg_image_position":"","ocean_post_title_bg_image_attachment":"","ocean_post_title_bg_image_repeat":"","ocean_post_title_bg_image_size":"","ocean_post_title_height":0,"ocean_post_title_bg_overlay":0.5,"ocean_post_title_bg_overlay_color":"","ocean_disable_breadcrumbs":"default","ocean_breadcrumbs_color":"","ocean_breadcrumbs_separator_color":"","ocean_breadcrumbs_links_color":"","ocean_breadcrumbs_links_hover_color":"","ocean_display_footer_widgets":"default","ocean_display_footer_bottom":"default","ocean_custom_footer_template":"0","footnotes":""},"class_list":["post-25","page","type-page","status-publish","hentry","entry"],"_links":{"self":[{"href":"https:\/\/proffico.com\/en\/wp-json\/wp\/v2\/pages\/25","targetHints":{"allow":["GET"]}}],"collection":[{"href":"https:\/\/proffico.com\/en\/wp-json\/wp\/v2\/pages"}],"about":[{"href":"https:\/\/proffico.com\/en\/wp-json\/wp\/v2\/types\/page"}],"author":[{"embeddable":true,"href":"https:\/\/proffico.com\/en\/wp-json\/wp\/v2\/users\/1"}],"replies":[{"embeddable":true,"href":"https:\/\/proffico.com\/en\/wp-json\/wp\/v2\/comments?post=25"}],"version-history":[{"count":87,"href":"https:\/\/proffico.com\/en\/wp-json\/wp\/v2\/pages\/25\/revisions"}],"predecessor-version":[{"id":5830,"href":"https:\/\/proffico.com\/en\/wp-json\/wp\/v2\/pages\/25\/revisions\/5830"}],"wp:attachment":[{"href":"https:\/\/proffico.com\/en\/wp-json\/wp\/v2\/media?parent=25"}],"curies":[{"name":"wp","href":"https:\/\/api.w.org\/{rel}","templated":true}]}}